{"id":484,"date":"2022-02-19T21:04:34","date_gmt":"2022-02-19T21:04:34","guid":{"rendered":"https:\/\/www.manuelafuentes.org\/?page_id=484"},"modified":"2022-02-20T22:27:30","modified_gmt":"2022-02-20T22:27:30","slug":"humanizacion-area-cuidados-paliativos","status":"publish","type":"page","link":"https:\/\/www.manuelafuentes.org\/index.php\/humanizacion-area-cuidados-paliativos\/","title":{"rendered":"Humanizaci\u00f3n \u00c1rea Cuidados Paliativos."},"content":{"rendered":"<p>[et_pb_section fb_built=\u00bb1&#8243; admin_label=\u00bbsection\u00bb _builder_version=\u00bb3.22&#8243;][et_pb_row admin_label=\u00bbrow\u00bb _builder_version=\u00bb4.9.10&#8243; background_size=\u00bbinitial\u00bb background_position=\u00bbtop_left\u00bb background_repeat=\u00bbrepeat\u00bb][et_pb_column type=\u00bb4_4&#8243; _builder_version=\u00bb4.9.10&#8243; _module_preset=\u00bbdefault\u00bb][et_pb_text _builder_version=\u00bb4.9.10&#8243; _module_preset=\u00bbdefault\u00bb hover_enabled=\u00bb0&#8243; sticky_enabled=\u00bb0&#8243;]<\/p>\n<p>El proyecto \u00abHumanizaci\u00f3n del \u00c1rea de Cuidados Paliativos\u00bb tiene por objetivo crear un entorno que favorezca la <strong>sensaci\u00f3n de bienestar<\/strong> de los usuarios como de los acompa\u00f1antes de las unidades de cuidados paliativos.<\/p>\n<p>A trav\u00e9s de los colores y la decoraci\u00f3n,\u00a0 del uso de la luz y la mejora de <strong>instalaciones<\/strong> y <strong>mobiliario <\/strong>se pretende transformar las actuales habitaciones en espacios c\u00f3modos, con ambiente relajante y que evite o disminuya los niveles de estr\u00e9s.<\/p>\n<p>A continuaci\u00f3n podr\u00e1s ver las acciones que se han desarrollado dentro de este proyecto.<\/p>\n<p>[\/et_pb_text][\/et_pb_column][\/et_pb_row][et_pb_row column_structure=\u00bb3_5,2_5&#8243; _builder_version=\u00bb4.9.10&#8243; _module_preset=\u00bbdefault\u00bb][et_pb_column type=\u00bb3_5&#8243; _builder_version=\u00bb4.9.10&#8243; _module_preset=\u00bbdefault\u00bb][et_pb_text _builder_version=\u00bb4.9.10&#8243; _module_preset=\u00bbdefault\u00bb hover_enabled=\u00bb0&#8243; sticky_enabled=\u00bb0&#8243;]<\/p>\n<p><strong>Pintar habitaci\u00f3nes.<\/strong><\/p>\n<p>Una de las primeras acciones dentro del proyecto ha sido la selecci\u00f3n y donaci\u00f3n de pintura para las habitaciones destinadas a los Cuidados Paliativos del <strong>Hospital Perpetuo Socorro<\/strong> en Badajoz.<\/p>\n<p>En esta acci\u00f3n se ha cambiado el color de las paredes, pasando de un amarillo vivo (que es un color intenso, que motiva y nos activa) a un <strong>gris<\/strong> que transmite<strong> calma y tranquilidad<\/strong>, pudiendo ayudar a reducir los niveles de estr\u00e9s de los usuarios (pacientes y acompa\u00f1antes).<\/p>\n<p>[\/et_pb_text][\/et_pb_column][et_pb_column type=\u00bb2_5&#8243; _builder_version=\u00bb4.9.10&#8243; _module_preset=\u00bbdefault\u00bb][et_pb_image src=\u00bbhttps:\/\/www.manuelafuentes.org\/wp-content\/uploads\/2022\/02\/habitacion-gris-hospital-perpetuo-socorro-asociacion-manuela-fuentes.jpg\u00bb alt=\u00bbhabitacion gris cuidados paliativos asociacion manuela fuentes\u00bb title_text=\u00bbhabitacion gris hospital perpetuo socorro asociacion manuela fuentes\u00bb _builder_version=\u00bb4.9.10&#8243; _module_preset=\u00bbdefault\u00bb][\/et_pb_image][\/et_pb_column][\/et_pb_row][\/et_pb_section]<\/p>\n","protected":false},"excerpt":{"rendered":"<p>El proyecto \u00abHumanizaci\u00f3n del \u00c1rea de Cuidados Paliativos\u00bb tiene por objetivo crear un entorno que favorezca la sensaci\u00f3n de bienestar de los usuarios como de los acompa\u00f1antes de las unidades de cuidados paliativos. A trav\u00e9s de los colores y la decoraci\u00f3n,\u00a0 del uso de la luz y la mejora de instalaciones y mobiliario se pretende [&hellip;]<\/p>\n","protected":false},"author":2,"featured_media":0,"parent":0,"menu_order":0,"comment_status":"closed","ping_status":"closed","template":"","meta":{"_et_pb_use_builder":"on","_et_pb_old_content":"<!-- wp:divi\/layout -->\n<div class=\"wp-block-divi-layout\">[et_pb_section fb_built=\"1\" admin_label=\"section\" _builder_version=\"3.22\"][et_pb_row admin_label=\"row\" _builder_version=\"3.25\" background_size=\"initial\" background_position=\"top_left\" background_repeat=\"repeat\"][et_pb_column _builder_version=\"4.9.10\" _module_preset=\"default\" type=\"4_4\"][et_pb_text _builder_version=\"4.9.10\" _module_preset=\"default\" hover_enabled=\"0\" sticky_enabled=\"0\"]<p>El proyecto \"Humanizaci\u00f3n de \u00e1reas de Cuidados Paliativos\" pretende transformar las habitaciones y \u00e1reas comunes dedicadas a los pacientes de cuidados paliativos para convertirlas en espacios m\u00e1s humanos, que puedan olvidar o que no sea tan evidente que est\u00e1n en una habitaci\u00f3n de hospital.<\/p>[\/et_pb_text][\/et_pb_column][\/et_pb_row][et_pb_row _builder_version=\"4.9.10\" _module_preset=\"default\" column_structure=\"3_5,2_5\"][et_pb_column _builder_version=\"4.9.10\" _module_preset=\"default\" type=\"3_5\"][et_pb_text _builder_version=\"4.9.10\" _module_preset=\"default\" hover_enabled=\"0\" sticky_enabled=\"0\"]<p><strong>Pintar habitaci\u00f3nes.<\/strong><\/p>\n<p>Una de las primeras acciones dentro de este proyecto ha sido la donaci\u00f3n de pintura para que los encargados de mantenimiento pintaras las habitaciones con unos tonos m\u00e1s neutros. Se han pintado de un tono gris que transmite paz y tranquilidad.<\/p>[\/et_pb_text][\/et_pb_column][et_pb_column _builder_version=\"4.9.10\" _module_preset=\"default\" type=\"2_5\"][et_pb_image src=\"https:\/\/www.manuelafuentes.org\/wp-content\/uploads\/2022\/02\/ejemplo-uno-manuela-fuentes.png\" _builder_version=\"4.9.10\" _module_preset=\"default\" title_text=\"ejemplo uno manuela fuentes\" hover_enabled=\"0\" sticky_enabled=\"0\"][\/et_pb_image][\/et_pb_column][\/et_pb_row][\/et_pb_section]<\/div>\n<!-- \/wp:divi\/layout -->","_et_gb_content_width":"","footnotes":""},"class_list":["post-484","page","type-page","status-publish","hentry"],"_links":{"self":[{"href":"https:\/\/www.manuelafuentes.org\/index.php\/wp-json\/wp\/v2\/pages\/484","targetHints":{"allow":["GET"]}}],"collection":[{"href":"https:\/\/www.manuelafuentes.org\/index.php\/wp-json\/wp\/v2\/pages"}],"about":[{"href":"https:\/\/www.manuelafuentes.org\/index.php\/wp-json\/wp\/v2\/types\/page"}],"author":[{"embeddable":true,"href":"https:\/\/www.manuelafuentes.org\/index.php\/wp-json\/wp\/v2\/users\/2"}],"replies":[{"embeddable":true,"href":"https:\/\/www.manuelafuentes.org\/index.php\/wp-json\/wp\/v2\/comments?post=484"}],"version-history":[{"count":4,"href":"https:\/\/www.manuelafuentes.org\/index.php\/wp-json\/wp\/v2\/pages\/484\/revisions"}],"predecessor-version":[{"id":496,"href":"https:\/\/www.manuelafuentes.org\/index.php\/wp-json\/wp\/v2\/pages\/484\/revisions\/496"}],"wp:attachment":[{"href":"https:\/\/www.manuelafuentes.org\/index.php\/wp-json\/wp\/v2\/media?parent=484"}],"curies":[{"name":"wp","href":"https:\/\/api.w.org\/{rel}","templated":true}]}}